{"id":65,"date":"2018-12-09T17:34:34","date_gmt":"2018-12-09T16:34:34","guid":{"rendered":"http:\/\/localhost:8888\/gardesnature_wp\/?page_id=65"},"modified":"2018-12-26T15:23:10","modified_gmt":"2018-12-26T14:23:10","slug":"echanger","status":"publish","type":"page","link":"https:\/\/www.gardesnaturedefrance.org\/index.php\/accueil\/echanger\/","title":{"rendered":"\u00c9changer"},"content":{"rendered":"\n<p>L&rsquo;association Gardes Nature de France vise \u00e0 conforter le professionnalisme des gardes en favorisant la communication et les \u00e9changes. Elle repr\u00e9sente la section fran\u00e7aise de l&rsquo;International Ranger Federation et de l&rsquo;European Ranger Federation.<br><\/p>\n","protected":false},"excerpt":{"rendered":"<p>L&rsquo;association Gardes Nature de France vise \u00e0 conforter le professionnalisme des gardes en favorisant la communication et les \u00e9changes. Elle repr\u00e9sente la section fran\u00e7aise de l&rsquo;International Ranger Federation et de l&rsquo;European Ranger Federation.<\/p>\n","protected":false},"author":197,"featured_media":66,"parent":5,"menu_order":5,"comment_status":"closed","ping_status":"closed","template":"","meta":{"inline_featured_image":false,"footnotes":""},"class_list":["post-65","page","type-page","status-publish","has-post-thumbnail","hentry"],"_links":{"self":[{"href":"https:\/\/www.gardesnaturedefrance.org\/index.php\/wp-json\/wp\/v2\/pages\/65","targetHints":{"allow":["GET"]}}],"collection":[{"href":"https:\/\/www.gardesnaturedefrance.org\/index.php\/wp-json\/wp\/v2\/pages"}],"about":[{"href":"https:\/\/www.gardesnaturedefrance.org\/index.php\/wp-json\/wp\/v2\/types\/page"}],"author":[{"embeddable":true,"href":"https:\/\/www.gardesnaturedefrance.org\/index.php\/wp-json\/wp\/v2\/users\/197"}],"replies":[{"embeddable":true,"href":"https:\/\/www.gardesnaturedefrance.org\/index.php\/wp-json\/wp\/v2\/comments?post=65"}],"version-history":[{"count":5,"href":"https:\/\/www.gardesnaturedefrance.org\/index.php\/wp-json\/wp\/v2\/pages\/65\/revisions"}],"predecessor-version":[{"id":111,"href":"https:\/\/www.gardesnaturedefrance.org\/index.php\/wp-json\/wp\/v2\/pages\/65\/revisions\/111"}],"up":[{"embeddable":true,"href":"https:\/\/www.gardesnaturedefrance.org\/index.php\/wp-json\/wp\/v2\/pages\/5"}],"wp:featuredmedia":[{"embeddable":true,"href":"https:\/\/www.gardesnaturedefrance.org\/index.php\/wp-json\/wp\/v2\/media\/66"}],"wp:attachment":[{"href":"https:\/\/www.gardesnaturedefrance.org\/index.php\/wp-json\/wp\/v2\/media?parent=65"}],"curies":[{"name":"wp","href":"https:\/\/api.w.org\/{rel}","templated":true}]}}