{"id":62,"date":"2018-12-09T17:33:55","date_gmt":"2018-12-09T16:33:55","guid":{"rendered":"http:\/\/localhost:8888\/gardesnature_wp\/?page_id=62"},"modified":"2018-12-26T15:22:16","modified_gmt":"2018-12-26T14:22:16","slug":"partager","status":"publish","type":"page","link":"https:\/\/www.gardesnaturedefrance.org\/index.php\/accueil\/partager\/","title":{"rendered":"Partager"},"content":{"rendered":"\n<p>La p\u00e9dagogie et l&rsquo;accueil des visiteurs sont des \u00e9l\u00e9ments essentiels de la protection de la nature. Les gardes constituent aussi le lien entre les habitants, les utilisateurs et les gestionnaires des espaces prot\u00e9g\u00e9s.<br><\/p>\n","protected":false},"excerpt":{"rendered":"<p>La p\u00e9dagogie et l&rsquo;accueil des visiteurs sont des \u00e9l\u00e9ments essentiels de la protection de la nature. Les gardes constituent aussi le lien entre les habitants, les utilisateurs et les gestionnaires des espaces prot\u00e9g\u00e9s.<\/p>\n","protected":false},"author":197,"featured_media":63,"parent":5,"menu_order":4,"comment_status":"closed","ping_status":"closed","template":"","meta":{"inline_featured_image":false,"footnotes":""},"class_list":["post-62","page","type-page","status-publish","has-post-thumbnail","hentry"],"_links":{"self":[{"href":"https:\/\/www.gardesnaturedefrance.org\/index.php\/wp-json\/wp\/v2\/pages\/62","targetHints":{"allow":["GET"]}}],"collection":[{"href":"https:\/\/www.gardesnaturedefrance.org\/index.php\/wp-json\/wp\/v2\/pages"}],"about":[{"href":"https:\/\/www.gardesnaturedefrance.org\/index.php\/wp-json\/wp\/v2\/types\/page"}],"author":[{"embeddable":true,"href":"https:\/\/www.gardesnaturedefrance.org\/index.php\/wp-json\/wp\/v2\/users\/197"}],"replies":[{"embeddable":true,"href":"https:\/\/www.gardesnaturedefrance.org\/index.php\/wp-json\/wp\/v2\/comments?post=62"}],"version-history":[{"count":3,"href":"https:\/\/www.gardesnaturedefrance.org\/index.php\/wp-json\/wp\/v2\/pages\/62\/revisions"}],"predecessor-version":[{"id":110,"href":"https:\/\/www.gardesnaturedefrance.org\/index.php\/wp-json\/wp\/v2\/pages\/62\/revisions\/110"}],"up":[{"embeddable":true,"href":"https:\/\/www.gardesnaturedefrance.org\/index.php\/wp-json\/wp\/v2\/pages\/5"}],"wp:featuredmedia":[{"embeddable":true,"href":"https:\/\/www.gardesnaturedefrance.org\/index.php\/wp-json\/wp\/v2\/media\/63"}],"wp:attachment":[{"href":"https:\/\/www.gardesnaturedefrance.org\/index.php\/wp-json\/wp\/v2\/media?parent=62"}],"curies":[{"name":"wp","href":"https:\/\/api.w.org\/{rel}","templated":true}]}}