{"id":56,"date":"2018-12-09T17:32:17","date_gmt":"2018-12-09T16:32:17","guid":{"rendered":"http:\/\/localhost:8888\/gardesnature_wp\/?page_id=56"},"modified":"2018-12-26T15:23:46","modified_gmt":"2018-12-26T14:23:46","slug":"connaitre","status":"publish","type":"page","link":"https:\/\/www.gardesnaturedefrance.org\/index.php\/accueil\/connaitre\/","title":{"rendered":"Conna\u00eetre"},"content":{"rendered":"\n<p>Les gardes nature sont \u00ab\u00a0les yeux et les oreilles\u00a0\u00bb des organismes gestionnaires des espaces prot\u00e9g\u00e9s. Veilleurs de la nature, ils suivent, \u00e9tudient et rendent compte de la sant\u00e9 des milieux naturels et des esp\u00e8ces.<br><\/p>\n","protected":false},"excerpt":{"rendered":"<p>Les gardes nature sont \u00ab\u00a0les yeux et les oreilles\u00a0\u00bb des organismes gestionnaires des espaces prot\u00e9g\u00e9s. Veilleurs de la nature, ils suivent, \u00e9tudient et rendent compte de la sant\u00e9 des milieux naturels et des esp\u00e8ces.<\/p>\n","protected":false},"author":197,"featured_media":57,"parent":5,"menu_order":3,"comment_status":"closed","ping_status":"closed","template":"","meta":{"inline_featured_image":false,"footnotes":""},"class_list":["post-56","page","type-page","status-publish","has-post-thumbnail","hentry"],"_links":{"self":[{"href":"https:\/\/www.gardesnaturedefrance.org\/index.php\/wp-json\/wp\/v2\/pages\/56","targetHints":{"allow":["GET"]}}],"collection":[{"href":"https:\/\/www.gardesnaturedefrance.org\/index.php\/wp-json\/wp\/v2\/pages"}],"about":[{"href":"https:\/\/www.gardesnaturedefrance.org\/index.php\/wp-json\/wp\/v2\/types\/page"}],"author":[{"embeddable":true,"href":"https:\/\/www.gardesnaturedefrance.org\/index.php\/wp-json\/wp\/v2\/users\/197"}],"replies":[{"embeddable":true,"href":"https:\/\/www.gardesnaturedefrance.org\/index.php\/wp-json\/wp\/v2\/comments?post=56"}],"version-history":[{"count":3,"href":"https:\/\/www.gardesnaturedefrance.org\/index.php\/wp-json\/wp\/v2\/pages\/56\/revisions"}],"predecessor-version":[{"id":78,"href":"https:\/\/www.gardesnaturedefrance.org\/index.php\/wp-json\/wp\/v2\/pages\/56\/revisions\/78"}],"up":[{"embeddable":true,"href":"https:\/\/www.gardesnaturedefrance.org\/index.php\/wp-json\/wp\/v2\/pages\/5"}],"wp:featuredmedia":[{"embeddable":true,"href":"https:\/\/www.gardesnaturedefrance.org\/index.php\/wp-json\/wp\/v2\/media\/57"}],"wp:attachment":[{"href":"https:\/\/www.gardesnaturedefrance.org\/index.php\/wp-json\/wp\/v2\/media?parent=56"}],"curies":[{"name":"wp","href":"https:\/\/api.w.org\/{rel}","templated":true}]}}