{"id":202,"date":"2018-12-26T12:03:00","date_gmt":"2018-12-26T11:03:00","guid":{"rendered":"http:\/\/localhost:8888\/gardesnature_wp\/?page_id=202"},"modified":"2019-03-26T11:36:28","modified_gmt":"2019-03-26T10:36:28","slug":"missions","status":"publish","type":"page","link":"https:\/\/www.gardesnaturedefrance.org\/index.php\/garde-nature\/missions\/","title":{"rendered":"Missions"},"content":{"rendered":"\n<h4 class=\"wp-block-heading\">Les missions des Gardes Nature peuvent se diviser en trois grands chapitres qui constituent le \u201cc\u0153ur de m\u00e9tier\u201d<\/h4>\n\n\n\n<div class=\"wp-block-columns has-2-columns is-layout-flex wp-container-core-columns-is-layout-9d6595d7 wp-block-columns-is-layout-flex\">\n<div class=\"wp-block-column is-layout-flow wp-block-column-is-layout-flow\">\n<p><strong>Connaissance et protection du patrimoine naturel&nbsp;:<\/strong><\/p>\n\n\n\n<ul class=\"wp-block-list\"><li> surveillance&nbsp;: veille \u00e9cologique, pr\u00e9vention et sensibilisation, police de l\u2019environnement&#8230;.&nbsp;;<\/li><li>  connaissance du patrimoine&nbsp;: suivis des milieux, des esp\u00e8ces et des  paysages, participation \u00e0 la recherche scientifique, expertise&#8230;&nbsp;;<\/li><li> intervention sur le patrimoine&nbsp;: travaux de g\u00e9nie \u00e9cologique, de restauration d\u2019habitats ou d\u2019esp\u00e8ces, nettoyage de site&#8230;&nbsp;;<\/li><\/ul>\n\n\n\n<p>&nbsp;<strong>Partage&nbsp;:<\/strong><\/p>\n\n\n\n<ul class=\"wp-block-list\"><li> accueil du public&nbsp;: sur les sites, dans les points d\u2019accueil&nbsp;;<\/li><li> p\u00e9dagogie&nbsp;: interventions aupr\u00e8s des scolaires et des groupes, r\u00e9alisation d\u2019outils de communication&nbsp;;<\/li><li> entretien d\u2019infrastructures d\u2019accueil&nbsp;: maisons du parc, sentiers, balisage&#8230;&nbsp;;<\/li><\/ul>\n\n\n\n<p>&nbsp;<strong>Lien avec le territoire&nbsp;:<\/strong><\/p>\n\n\n\n<ul class=\"wp-block-list\"><li> entretien de relations avec les populations locales\u00a0;<\/li><li> suivi de partenariats avec les acteurs locaux\u00a0;<\/li><li> encouragement de pratiques respectant l\u2019environnement.<br><\/li><\/ul>\n\n\n\n<p>Suivant l\u2019espace prot\u00e9g\u00e9 pour lequel il travaille, le Garde Nature ne\n prend pas forc\u00e9ment part \u00e0 l\u2019ensemble des missions&nbsp;; il \u00eatre plus \nsp\u00e9cialis\u00e9 (garde animateur, garde technicien&#8230;) ou se voir confier des\n missions \u201ctransversales\u201d. De m\u00eame certains gardes ne sont pas habilit\u00e9s\n \u00e0 effectuer des missions de police et se limitent \u00e0 la pr\u00e9vention.<\/p>\n\n\n\n<p>Un Garde Nature peut aussi se voir attribuer d\u2019autres missions, comme\n la pr\u00e9servation du patrimoine historique ou culturel (gestion de site \nclass\u00e9 monument historique par exemple).<\/p>\n\n\n\n<p>Il peut \u00e9galement \u00eatre amen\u00e9 \u00e0 assurer la s\u00e9curit\u00e9 du public en lien \navec les services comp\u00e9tents et \u00e0 participer \u00e0 des op\u00e9rations de secours<\/p>\n<\/div>\n\n\n\n<div class=\"wp-block-column is-layout-flow wp-block-column-is-layout-flow\">\n<p><\/p>\n\n\n\n<div class=\"wp-block-image\"><figure class=\"aligncenter\"><img fetchpriority=\"high\" decoding=\"async\" width=\"800\" height=\"513\" src=\"http:\/\/localhost:8888\/gardesnature_wp\/wp-content\/uploads\/2018\/12\/ecogardeVerdon.jpg\" alt=\"\" class=\"wp-image-206\" srcset=\"https:\/\/www.gardesnaturedefrance.org\/wp-content\/uploads\/2018\/12\/ecogardeVerdon.jpg 800w, https:\/\/www.gardesnaturedefrance.org\/wp-content\/uploads\/2018\/12\/ecogardeVerdon-300x192.jpg 300w, https:\/\/www.gardesnaturedefrance.org\/wp-content\/uploads\/2018\/12\/ecogardeVerdon-768x492.jpg 768w, https:\/\/www.gardesnaturedefrance.org\/wp-content\/uploads\/2018\/12\/ecogardeVerdon-360x231.jpg 360w\" sizes=\"(max-width: 800px) 100vw, 800px\" \/><\/figure><\/div>\n\n\n\n<div class=\"wp-block-image\"><figure class=\"aligncenter\"><img decoding=\"async\" width=\"800\" height=\"600\" src=\"http:\/\/localhost:8888\/gardesnature_wp\/wp-content\/uploads\/2018\/12\/Historical_site_interpretation.jpg\" alt=\"\" class=\"wp-image-207\" srcset=\"https:\/\/www.gardesnaturedefrance.org\/wp-content\/uploads\/2018\/12\/Historical_site_interpretation.jpg 800w, https:\/\/www.gardesnaturedefrance.org\/wp-content\/uploads\/2018\/12\/Historical_site_interpretation-300x225.jpg 300w, https:\/\/www.gardesnaturedefrance.org\/wp-content\/uploads\/2018\/12\/Historical_site_interpretation-768x576.jpg 768w, https:\/\/www.gardesnaturedefrance.org\/wp-content\/uploads\/2018\/12\/Historical_site_interpretation-360x270.jpg 360w\" sizes=\"(max-width: 800px) 100vw, 800px\" \/><\/figure><\/div>\n<\/div>\n<\/div>\n","protected":false},"excerpt":{"rendered":"<p>Les missions des Gardes Nature peuvent se diviser en trois grands chapitres qui constituent le \u201cc\u0153ur de m\u00e9tier\u201d Connaissance et protection du patrimoine naturel&nbsp;: surveillance&nbsp;: veille \u00e9cologique, pr\u00e9vention et sensibilisation, police de l\u2019environnement&#8230;.&nbsp;; connaissance du patrimoine&nbsp;: suivis des milieux, des&hellip;&nbsp;<a href=\"https:\/\/www.gardesnaturedefrance.org\/index.php\/garde-nature\/missions\/\" class=\"more-link\">Lire la suite<\/a><\/p>\n","protected":false},"author":197,"featured_media":0,"parent":9,"menu_order":2,"comment_status":"closed","ping_status":"closed","template":"templates\/full-width.php","meta":{"inline_featured_image":false,"footnotes":""},"class_list":["post-202","page","type-page","status-publish","hentry"],"_links":{"self":[{"href":"https:\/\/www.gardesnaturedefrance.org\/index.php\/wp-json\/wp\/v2\/pages\/202","targetHints":{"allow":["GET"]}}],"collection":[{"href":"https:\/\/www.gardesnaturedefrance.org\/index.php\/wp-json\/wp\/v2\/pages"}],"about":[{"href":"https:\/\/www.gardesnaturedefrance.org\/index.php\/wp-json\/wp\/v2\/types\/page"}],"author":[{"embeddable":true,"href":"https:\/\/www.gardesnaturedefrance.org\/index.php\/wp-json\/wp\/v2\/users\/197"}],"replies":[{"embeddable":true,"href":"https:\/\/www.gardesnaturedefrance.org\/index.php\/wp-json\/wp\/v2\/comments?post=202"}],"version-history":[{"count":4,"href":"https:\/\/www.gardesnaturedefrance.org\/index.php\/wp-json\/wp\/v2\/pages\/202\/revisions"}],"predecessor-version":[{"id":683,"href":"https:\/\/www.gardesnaturedefrance.org\/index.php\/wp-json\/wp\/v2\/pages\/202\/revisions\/683"}],"up":[{"embeddable":true,"href":"https:\/\/www.gardesnaturedefrance.org\/index.php\/wp-json\/wp\/v2\/pages\/9"}],"wp:attachment":[{"href":"https:\/\/www.gardesnaturedefrance.org\/index.php\/wp-json\/wp\/v2\/media?parent=202"}],"curies":[{"name":"wp","href":"https:\/\/api.w.org\/{rel}","templated":true}]}}