{"id":144,"date":"2018-12-21T12:05:34","date_gmt":"2018-12-21T11:05:34","guid":{"rendered":"http:\/\/localhost:8888\/gardesnature_wp\/?page_id=144"},"modified":"2024-10-14T20:25:24","modified_gmt":"2024-10-14T18:25:24","slug":"european-ranger-federation","status":"publish","type":"page","link":"https:\/\/www.gardesnaturedefrance.org\/index.php\/international\/european-ranger-federation\/","title":{"rendered":"European Ranger Federation"},"content":{"rendered":"<div id=\"pl-144\" class=\"panel-layout\">\n<div id=\"pg-144-0\" class=\"panel-grid panel-no-style\">\n<div id=\"pgc-144-0-0\" class=\"panel-grid-cell\" data-weight=\"1\">\n<div id=\"panel-144-0-0-0\" class=\"so-panel widget widget_text panel-first-child\" data-index=\"0\" data-style=\"{&quot;background_image_attachment&quot;:false,&quot;background_display&quot;:&quot;tile&quot;}\">\n<div class=\"textwidget\">\n<p><span style=\"font-weight: 400;\">La F\u00e9d\u00e9ration Europ\u00e9enne des Rangers (ERF) est une f\u00e9d\u00e9ration europ\u00e9enne des associations de gardes nature. Elle est l&rsquo;un des 8 groupes r\u00e9gionaux de la F\u00e9d\u00e9ration Internationale des Rangers.<\/span><\/p>\n<p><span style=\"font-weight: 400;\">Un garde nature est une personne impliqu\u00e9e dans la gestion pratique, la protection et la pr\u00e9servation de tous les aspects des zones sauvages, des sites historiques et culturels. Les gardes nature offrent des opportunit\u00e9s r\u00e9cr\u00e9atives et l&rsquo;interpr\u00e9tation de ces sites tout en assurant des liens entre les communaut\u00e9s locales, les zones prot\u00e9g\u00e9es et l&rsquo;administration de ces zones.<\/span><\/p>\n<p><span style=\"font-weight: 400;\">Actuellement, il y a plus de 30 associations de gardes nature membres de la F\u00e9d\u00e9ration Europ\u00e9enne des Rangers, repr\u00e9sentant plus de 5 000 gardes nature professionnels.<\/span><\/p>\n<\/div>\n<\/div>\n<div id=\"panel-144-0-0-2\" class=\"so-panel widget widget_education-mind-advanced-recent-posts education_mind_widget_advanced_recent_posts panel-last-child\" data-index=\"2\" data-style=\"{&quot;background_image_attachment&quot;:false,&quot;background_display&quot;:&quot;tile&quot;}\"><a href=\"https:\/\/www.europeanrangers.org\/\">https:\/\/www.europeanrangers.org<\/a><\/div>\n<\/div>\n<\/div>\n<\/div>\n\n<div class=\"wp-block-image\">\n<figure class=\"aligncenter size-full is-resized\"><img decoding=\"async\" width=\"120\" height=\"120\" src=\"https:\/\/www.gardesnaturedefrance.org\/wp-content\/uploads\/2024\/07\/cropped-Logo_ERF_final_RGB_120px_transparent.png\" alt=\"\" class=\"wp-image-1512\" style=\"width:228px;height:auto\"\/><\/figure>\n<\/div>","protected":false},"excerpt":{"rendered":"<p>La F\u00e9d\u00e9ration Europ\u00e9enne des Rangers (ERF) est une f\u00e9d\u00e9ration europ\u00e9enne des associations de gardes nature. Elle est l&rsquo;un des 8 groupes r\u00e9gionaux de la F\u00e9d\u00e9ration Internationale des Rangers. Un garde nature est une personne impliqu\u00e9e dans la gestion pratique, la&hellip;&nbsp;<a href=\"https:\/\/www.gardesnaturedefrance.org\/index.php\/international\/european-ranger-federation\/\" class=\"more-link\">Lire la suite<\/a><\/p>\n","protected":false},"author":197,"featured_media":0,"parent":125,"menu_order":2,"comment_status":"closed","ping_status":"closed","template":"","meta":{"inline_featured_image":false,"footnotes":""},"class_list":["post-144","page","type-page","status-publish","hentry"],"_links":{"self":[{"href":"https:\/\/www.gardesnaturedefrance.org\/index.php\/wp-json\/wp\/v2\/pages\/144","targetHints":{"allow":["GET"]}}],"collection":[{"href":"https:\/\/www.gardesnaturedefrance.org\/index.php\/wp-json\/wp\/v2\/pages"}],"about":[{"href":"https:\/\/www.gardesnaturedefrance.org\/index.php\/wp-json\/wp\/v2\/types\/page"}],"author":[{"embeddable":true,"href":"https:\/\/www.gardesnaturedefrance.org\/index.php\/wp-json\/wp\/v2\/users\/197"}],"replies":[{"embeddable":true,"href":"https:\/\/www.gardesnaturedefrance.org\/index.php\/wp-json\/wp\/v2\/comments?post=144"}],"version-history":[{"count":14,"href":"https:\/\/www.gardesnaturedefrance.org\/index.php\/wp-json\/wp\/v2\/pages\/144\/revisions"}],"predecessor-version":[{"id":1694,"href":"https:\/\/www.gardesnaturedefrance.org\/index.php\/wp-json\/wp\/v2\/pages\/144\/revisions\/1694"}],"up":[{"embeddable":true,"href":"https:\/\/www.gardesnaturedefrance.org\/index.php\/wp-json\/wp\/v2\/pages\/125"}],"wp:attachment":[{"href":"https:\/\/www.gardesnaturedefrance.org\/index.php\/wp-json\/wp\/v2\/media?parent=144"}],"curies":[{"name":"wp","href":"https:\/\/api.w.org\/{rel}","templated":true}]}}